{"id":1527,"date":"2018-03-16T10:29:07","date_gmt":"2018-03-16T10:29:07","guid":{"rendered":"http:\/\/theclinic.pl\/?page_id=1527"},"modified":"2020-11-15T23:31:02","modified_gmt":"2020-11-15T23:31:02","slug":"stomatologia","status":"publish","type":"page","link":"https:\/\/theclinic.pl\/en\/stomatologia\/","title":{"rendered":"Stomatologia"},"content":{"rendered":"<a href=\"https:\/\/theclinic.pl\/en\/oferta\/dermapen\/\"><\/a>\n\t<meta itemscope=\"\" itemprop=\"mainEntityOfPage\" itemid=\"http:\/\/theclinic.pl\/oferta\/dermapen\/\"><meta itemprop=\"datePublished\" content=\"2018-03-16\"><meta itemprop=\"dateModified\" content=\"2018-03-23\"><meta itemprop=\"name\" content=\"Medycyna Estetyczna - dr Marcin Nowak\"><meta itemprop=\"url\" content=\"http:\/\/theclinic.pl\/author\/marcin-nowak\/\"><meta itemprop=\"name\" content=\"Marcin Nowak\"><meta itemprop=\"url\" content=\"http:\/\/theclinic.pl\/wp-content\/uploads\/2018\/03\/dermapen_zdjecie_do_prasy_02-1.jpg\"><meta itemprop=\"width\" content=\"6144\"><meta itemprop=\"height\" content=\"4096\"><meta itemprop=\"interactionType\" content=\"http:\/\/schema.org\/CommentAction\"><meta itemprop=\"userInteractionCount\" content=\"0\">\n\t\t\t\t<img decoding=\"async\" loading=\"lazy\" src=\"https:\/\/theclinic.pl\/wp-content\/uploads\/2018\/03\/dermapen_zdjecie_do_prasy_02-1-1024x683.jpg\" alt=\"dermapen_zdjecie_do_prasy_02\" itemprop=\"image\" height=\"683\" width=\"1024\">\n\t\t\t\t\t\t\t<h3 itemprop=\"headline\">\n\t\t\t\t\t\t\t\t\t\t\t\tDermapen\t\t\t\t\t\t\t\t\t<\/h3>\n\t\t\t<a href=\"https:\/\/theclinic.pl\/en\/oferta\/laser-frakcyjny-co2\/\"><\/a>\n\t<meta itemscope=\"\" itemprop=\"mainEntityOfPage\" itemid=\"http:\/\/theclinic.pl\/oferta\/laser-frakcyjny-co2\/\"><meta itemprop=\"datePublished\" content=\"2018-03-21\"><meta itemprop=\"dateModified\" content=\"2018-03-23\"><meta itemprop=\"name\" content=\"Medycyna Estetyczna - dr Marcin Nowak\"><meta itemprop=\"url\" content=\"http:\/\/theclinic.pl\/author\/marcin-nowak\/\"><meta itemprop=\"name\" content=\"Marcin Nowak\"><meta itemprop=\"url\" content=\"http:\/\/theclinic.pl\/wp-content\/uploads\/2017\/11\/blizny.jpg\"><meta itemprop=\"width\" content=\"1688\"><meta itemprop=\"height\" content=\"1125\"><meta itemprop=\"interactionType\" content=\"http:\/\/schema.org\/CommentAction\"><meta itemprop=\"userInteractionCount\" content=\"0\">\n\t\t\t\t<img decoding=\"async\" loading=\"lazy\" src=\"https:\/\/theclinic.pl\/wp-content\/uploads\/2017\/11\/blizny-1024x682.jpg\" alt=\"blizny\" itemprop=\"image\" height=\"682\" width=\"1024\">\n\t\t\t\t\t\t\t<h3 itemprop=\"headline\">\n\t\t\t\t\t\t\t\t\t\t\t\tLaser frakcyjny CO2\t\t\t\t\t\t\t\t\t<\/h3>\n\t\t\t<a href=\"http:\/\/theclinic.pl\/en\/oferta\/cellulit-mezoterapia\/\"><\/a>\n\t<meta itemscope=\"\" itemprop=\"mainEntityOfPage\" itemid=\"http:\/\/theclinic.pl\/oferta\/cellulit-mezoterapia\/\"><meta itemprop=\"datePublished\" content=\"2018-03-21\"><meta itemprop=\"dateModified\" content=\"2018-03-23\"><meta itemprop=\"name\" content=\"Medycyna Estetyczna - dr Marcin Nowak\"><meta itemprop=\"url\" content=\"http:\/\/theclinic.pl\/author\/marcin-nowak\/\"><meta itemprop=\"name\" content=\"Marcin Nowak\"><meta itemprop=\"url\" content=\"http:\/\/theclinic.pl\/wp-content\/uploads\/2017\/11\/cellulit2.jpg\"><meta itemprop=\"width\" content=\"1000\"><meta itemprop=\"height\" content=\"667\"><meta itemprop=\"interactionType\" content=\"http:\/\/schema.org\/CommentAction\"><meta itemprop=\"userInteractionCount\" content=\"0\">\n\t\t\t\t<img decoding=\"async\" loading=\"lazy\" src=\"https:\/\/theclinic.pl\/wp-content\/uploads\/2017\/11\/cellulit2.jpg\" alt=\"cellulit2\" itemprop=\"image\" height=\"667\" width=\"1000\">\n\t\t\t\t\t\t\t<h3 itemprop=\"headline\">\n\t\t\t\t\t\t\t\t\t\t\t\tLeczenie cellulitu \u2013 mezoterapia\t\t\t\t\t\t\t\t\t<\/h3>\n\t\t\t<a href=\"http:\/\/theclinic.pl\/en\/oferta\/leczenie-nadpotliwosci\/\"><\/a>\n\t<meta itemscope=\"\" itemprop=\"mainEntityOfPage\" itemid=\"http:\/\/theclinic.pl\/oferta\/leczenie-nadpotliwosci\/\"><meta itemprop=\"datePublished\" content=\"2018-03-21\"><meta itemprop=\"dateModified\" content=\"2018-03-23\"><meta itemprop=\"name\" content=\"Medycyna Estetyczna - dr Marcin Nowak\"><meta itemprop=\"url\" content=\"http:\/\/theclinic.pl\/author\/marcin-nowak\/\"><meta itemprop=\"name\" content=\"Marcin Nowak\"><meta itemprop=\"url\" content=\"http:\/\/theclinic.pl\/wp-content\/uploads\/2018\/03\/7-Causes-Excessive-Perspiration.jpg\"><meta itemprop=\"width\" content=\"750\"><meta itemprop=\"height\" content=\"480\"><meta itemprop=\"interactionType\" content=\"http:\/\/schema.org\/CommentAction\"><meta itemprop=\"userInteractionCount\" content=\"0\">\n\t\t\t\t<img decoding=\"async\" loading=\"lazy\" src=\"https:\/\/theclinic.pl\/wp-content\/uploads\/2018\/03\/7-Causes-Excessive-Perspiration.jpg\" alt=\"7-Causes-Excessive-Perspiration\" itemprop=\"image\" height=\"480\" width=\"750\">\n\t\t\t\t\t\t\t<h3 itemprop=\"headline\">\n\t\t\t\t\t\t\t\t\t\t\t\tLeczenie nadmiernej potliwo\u015bci\t\t\t\t\t\t\t\t\t<\/h3>\n\t\t\t<a href=\"http:\/\/theclinic.pl\/en\/oferta\/rozstepy-mezoterapia\/\"><\/a>\n\t<meta itemscope=\"\" itemprop=\"mainEntityOfPage\" itemid=\"http:\/\/theclinic.pl\/oferta\/rozstepy-mezoterapia\/\"><meta itemprop=\"datePublished\" content=\"2018-03-21\"><meta itemprop=\"dateModified\" content=\"2018-03-23\"><meta itemprop=\"name\" content=\"Medycyna Estetyczna - dr Marcin Nowak\"><meta itemprop=\"url\" content=\"http:\/\/theclinic.pl\/author\/marcin-nowak\/\"><meta itemprop=\"name\" content=\"Marcin Nowak\"><meta itemprop=\"url\" content=\"http:\/\/theclinic.pl\/wp-content\/uploads\/2017\/11\/rozstepy.jpg\"><meta itemprop=\"width\" content=\"1192\"><meta itemprop=\"height\" content=\"892\"><meta itemprop=\"interactionType\" content=\"http:\/\/schema.org\/CommentAction\"><meta itemprop=\"userInteractionCount\" content=\"0\">\n\t\t\t\t<img decoding=\"async\" loading=\"lazy\" src=\"https:\/\/theclinic.pl\/wp-content\/uploads\/2017\/11\/rozstepy-1024x766.jpg\" alt=\"rozstepy\" itemprop=\"image\" height=\"766\" width=\"1024\">\n\t\t\t\t\t\t\t<h3 itemprop=\"headline\">\n\t\t\t\t\t\t\t\t\t\t\t\tLeczenie rozst\u0119p\u00f3w \u2013 mezoterapia\t\t\t\t\t\t\t\t\t<\/h3>\n\t\t\t<a href=\"http:\/\/theclinic.pl\/en\/oferta\/sonoqueen-cialo\/\"><\/a>\n\t<meta itemscope=\"\" itemprop=\"mainEntityOfPage\" itemid=\"http:\/\/theclinic.pl\/oferta\/sonoqueen-cialo\/\"><meta itemprop=\"datePublished\" content=\"2018-03-21\"><meta itemprop=\"dateModified\" content=\"2018-03-23\"><meta itemprop=\"name\" content=\"Medycyna Estetyczna - dr Marcin Nowak\"><meta itemprop=\"url\" content=\"http:\/\/theclinic.pl\/author\/marcin-nowak\/\"><meta itemprop=\"name\" content=\"Marcin Nowak\"><meta itemprop=\"url\" content=\"http:\/\/theclinic.pl\/wp-content\/uploads\/2018\/03\/16865008_1006389359506173_2824161925418525521_n.png\"><meta itemprop=\"width\" content=\"800\"><meta itemprop=\"height\" content=\"600\"><meta itemprop=\"interactionType\" content=\"http:\/\/schema.org\/CommentAction\"><meta itemprop=\"userInteractionCount\" content=\"0\">\n\t\t\t\t<img decoding=\"async\" loading=\"lazy\" src=\"https:\/\/theclinic.pl\/wp-content\/uploads\/2018\/03\/16865008_1006389359506173_2824161925418525521_n.png\" alt=\"16865008_1006389359506173_2824161925418525521_n\" itemprop=\"image\" height=\"600\" width=\"800\">\n\t\t\t\t\t\t\t<h3 itemprop=\"headline\">\n\t\t\t\t\t\t\t\t\t\t\t\tLifting bez skalpela SonoQueen (HIFU)\t\t\t\t\t\t\t\t\t<\/h3>\n\t\t\t<a href=\"https:\/\/theclinic.pl\/en\/oferta\/lipoliza-iniekcyjna\/\"><\/a>\n\t<meta itemscope=\"\" itemprop=\"mainEntityOfPage\" itemid=\"http:\/\/theclinic.pl\/oferta\/lipoliza-iniekcyjna\/\"><meta itemprop=\"datePublished\" content=\"2018-03-18\"><meta itemprop=\"dateModified\" content=\"2018-03-23\"><meta itemprop=\"name\" content=\"Medycyna Estetyczna - dr Marcin Nowak\"><meta itemprop=\"url\" content=\"http:\/\/theclinic.pl\/author\/marcin-nowak\/\"><meta itemprop=\"name\" content=\"Marcin Nowak\"><meta itemprop=\"url\" content=\"http:\/\/theclinic.pl\/wp-content\/uploads\/2017\/11\/endermologia_lpg2.jpg\"><meta itemprop=\"width\" content=\"1000\"><meta itemprop=\"height\" content=\"700\"><meta itemprop=\"interactionType\" content=\"http:\/\/schema.org\/CommentAction\"><meta itemprop=\"userInteractionCount\" content=\"0\">\n\t\t\t\t<img decoding=\"async\" loading=\"lazy\" src=\"https:\/\/theclinic.pl\/wp-content\/uploads\/2017\/11\/endermologia_lpg2.jpg\" alt=\"endermologia_lpg2\" itemprop=\"image\" height=\"700\" width=\"1000\">\n\t\t\t\t\t\t\t<h3 itemprop=\"headline\">\n\t\t\t\t\t\t\t\t\t\t\t\tLipoliza iniekcyjna\t\t\t\t\t\t\t\t\t<\/h3>\n\t\t\t<a href=\"http:\/\/theclinic.pl\/en\/oferta\/osocze-bogatoplytkowe-cialo\/\"><\/a>\n\t<meta itemscope=\"\" itemprop=\"mainEntityOfPage\" itemid=\"http:\/\/theclinic.pl\/oferta\/osocze-bogatoplytkowe-cialo\/\"><meta itemprop=\"datePublished\" content=\"2018-03-21\"><meta itemprop=\"dateModified\" content=\"2018-03-23\"><meta itemprop=\"name\" content=\"Medycyna Estetyczna - dr Marcin Nowak\"><meta itemprop=\"url\" content=\"http:\/\/theclinic.pl\/author\/marcin-nowak\/\"><meta itemprop=\"name\" content=\"Marcin Nowak\"><meta itemprop=\"url\" content=\"http:\/\/theclinic.pl\/wp-content\/uploads\/2017\/10\/modelowanie_sylwetki.jpg\"><meta itemprop=\"width\" content=\"1024\"><meta itemprop=\"height\" content=\"1024\"><meta itemprop=\"interactionType\" content=\"http:\/\/schema.org\/CommentAction\"><meta itemprop=\"userInteractionCount\" content=\"0\">\n\t\t\t\t<img decoding=\"async\" loading=\"lazy\" src=\"https:\/\/theclinic.pl\/wp-content\/uploads\/2017\/10\/modelowanie_sylwetki.jpg\" alt=\"modelowanie_sylwetki\" itemprop=\"image\" height=\"1024\" width=\"1024\">\n\t\t\t\t\t\t\t<h3 itemprop=\"headline\">\n\t\t\t\t\t\t\t\t\t\t\t\tOsocze bogatop\u0142ytkowe\t\t\t\t\t\t\t\t\t<\/h3>","protected":false},"excerpt":{"rendered":"<p>Dermapen Laser frakcyjny CO2 Leczenie cellulitu \u2013 mezoterapia Leczenie nadmiernej potliwo\u015bci Leczenie rozst\u0119p\u00f3w \u2013 mezoterapia Lifting bez skalpela SonoQueen (HIFU) Lipoliza iniekcyjna Osocze bogatop\u0142ytkowe<\/p>","protected":false},"author":4,"featured_media":0,"parent":0,"menu_order":2,"comment_status":"closed","ping_status":"closed","template":"","meta":[],"yoast_head":"<!-- This site is optimized with the Yoast SEO plugin v19.13 - https:\/\/yoast.com\/wordpress\/plugins\/seo\/ -->\n<title>Stomatologia - The Clinic - Centrum Medyczne<\/title>\n<meta name=\"robots\" content=\"index, follow, max-snippet:-1, max-image-preview:large, max-video-preview:-1\" \/>\n<link rel=\"canonical\" href=\"https:\/\/theclinic.pl\/en\/stomatologia\/\" \/>\n<meta property=\"og:locale\" content=\"en_GB\" \/>\n<meta property=\"og:type\" content=\"article\" \/>\n<meta property=\"og:title\" content=\"Stomatologia - The Clinic - Centrum Medyczne\" \/>\n<meta property=\"og:description\" content=\"Dermapen Laser frakcyjny CO2 Leczenie cellulitu \u2013 mezoterapia Leczenie nadmiernej potliwo\u015bci Leczenie rozst\u0119p\u00f3w \u2013 mezoterapia Lifting bez skalpela SonoQueen (HIFU) Lipoliza iniekcyjna Osocze bogatop\u0142ytkowe\" \/>\n<meta property=\"og:url\" content=\"https:\/\/theclinic.pl\/en\/stomatologia\/\" \/>\n<meta property=\"og:site_name\" content=\"The Clinic - Centrum Medyczne\" \/>\n<meta property=\"article:publisher\" content=\"https:\/\/www.facebook.com\/DrMarcinNowak\/\" \/>\n<meta property=\"article:modified_time\" content=\"2020-11-15T23:31:02+00:00\" \/>\n<meta property=\"og:image\" content=\"http:\/\/theclinic.pl\/wp-content\/uploads\/2018\/03\/dermapen_zdjecie_do_prasy_02-1-1024x683.jpg\" \/>\n<meta name=\"twitter:card\" content=\"summary_large_image\" \/>\n<!-- \/ Yoast SEO plugin. -->","yoast_head_json":{"title":"Stomatologia - The Clinic - Centrum Medyczne","robots":{"index":"index","follow":"follow","max-snippet":"max-snippet:-1","max-image-preview":"max-image-preview:large","max-video-preview":"max-video-preview:-1"},"canonical":"https:\/\/theclinic.pl\/en\/stomatologia\/","og_locale":"en_GB","og_type":"article","og_title":"Stomatologia - The Clinic - Centrum Medyczne","og_description":"Dermapen Laser frakcyjny CO2 Leczenie cellulitu \u2013 mezoterapia Leczenie nadmiernej potliwo\u015bci Leczenie rozst\u0119p\u00f3w \u2013 mezoterapia Lifting bez skalpela SonoQueen (HIFU) Lipoliza iniekcyjna Osocze bogatop\u0142ytkowe","og_url":"https:\/\/theclinic.pl\/en\/stomatologia\/","og_site_name":"The Clinic - Centrum Medyczne","article_publisher":"https:\/\/www.facebook.com\/DrMarcinNowak\/","article_modified_time":"2020-11-15T23:31:02+00:00","og_image":[{"url":"http:\/\/theclinic.pl\/wp-content\/uploads\/2018\/03\/dermapen_zdjecie_do_prasy_02-1-1024x683.jpg"}],"twitter_card":"summary_large_image","schema":{"@context":"https:\/\/schema.org","@graph":[{"@type":"WebPage","@id":"https:\/\/theclinic.pl\/stomatologia\/","url":"https:\/\/theclinic.pl\/stomatologia\/","name":"Stomatologia - The Clinic - Centrum Medyczne","isPartOf":{"@id":"https:\/\/theclinic.pl\/#website"},"datePublished":"2018-03-16T10:29:07+00:00","dateModified":"2020-11-15T23:31:02+00:00","breadcrumb":{"@id":"https:\/\/theclinic.pl\/stomatologia\/#breadcrumb"},"inLanguage":"en-GB","potentialAction":[{"@type":"ReadAction","target":["https:\/\/theclinic.pl\/stomatologia\/"]}]},{"@type":"BreadcrumbList","@id":"https:\/\/theclinic.pl\/stomatologia\/#breadcrumb","itemListElement":[{"@type":"ListItem","position":1,"name":"Strona g\u0142\u00f3wna","item":"https:\/\/theclinic.pl\/"},{"@type":"ListItem","position":2,"name":"Stomatologia"}]},{"@type":"WebSite","@id":"https:\/\/theclinic.pl\/#website","url":"https:\/\/theclinic.pl\/","name":"The Clinic - Centrum Medyczne","description":"Profesjonalny gabinet medycyny estetycznej. Kompleksowe, podmiotowe podej\u015bcie do ka\u017cdego pacjenta. Bogata oferta, konkurencyjne ceny. Sprawd\u017a ju\u017c dzi\u015b!","publisher":{"@id":"https:\/\/theclinic.pl\/#organization"},"potentialAction":[{"@type":"SearchAction","target":{"@type":"EntryPoint","urlTemplate":"https:\/\/theclinic.pl\/?s={search_term_string}"},"query-input":"required name=search_term_string"}],"inLanguage":"en-GB"},{"@type":"Organization","@id":"https:\/\/theclinic.pl\/#organization","name":"Dr Marcin Nowak","url":"https:\/\/theclinic.pl\/","logo":{"@type":"ImageObject","inLanguage":"en-GB","@id":"https:\/\/theclinic.pl\/#\/schema\/logo\/image\/","url":"https:\/\/theclinic.pl\/wp-content\/uploads\/2018\/03\/logo_gray2.png","contentUrl":"https:\/\/theclinic.pl\/wp-content\/uploads\/2018\/03\/logo_gray2.png","width":220,"height":140,"caption":"Dr Marcin Nowak"},"image":{"@id":"https:\/\/theclinic.pl\/#\/schema\/logo\/image\/"},"sameAs":["https:\/\/www.instagram.com\/drmarcinnowak\/","https:\/\/www.linkedin.com\/in\/drmarcinnowak\/","https:\/\/www.facebook.com\/DrMarcinNowak\/"]}]}},"_links":{"self":[{"href":"https:\/\/theclinic.pl\/en\/wp-json\/wp\/v2\/pages\/1527"}],"collection":[{"href":"https:\/\/theclinic.pl\/en\/wp-json\/wp\/v2\/pages"}],"about":[{"href":"https:\/\/theclinic.pl\/en\/wp-json\/wp\/v2\/types\/page"}],"author":[{"embeddable":true,"href":"https:\/\/theclinic.pl\/en\/wp-json\/wp\/v2\/users\/4"}],"replies":[{"embeddable":true,"href":"https:\/\/theclinic.pl\/en\/wp-json\/wp\/v2\/comments?post=1527"}],"version-history":[{"count":9,"href":"https:\/\/theclinic.pl\/en\/wp-json\/wp\/v2\/pages\/1527\/revisions"}],"predecessor-version":[{"id":2921,"href":"https:\/\/theclinic.pl\/en\/wp-json\/wp\/v2\/pages\/1527\/revisions\/2921"}],"wp:attachment":[{"href":"https:\/\/theclinic.pl\/en\/wp-json\/wp\/v2\/media?parent=1527"}],"curies":[{"name":"wp","href":"https:\/\/api.w.org\/{rel}","templated":true}]}}